{"id":2846,"date":"2026-04-14T06:36:05","date_gmt":"2026-04-14T06:36:05","guid":{"rendered":"https:\/\/restaurantesubmarino.es\/?post_type=product&#038;p=2846"},"modified":"2026-04-15T11:25:16","modified_gmt":"2026-04-15T11:25:16","slug":"cena-con-bodega-14-05","status":"publish","type":"product","link":"https:\/\/restaurantesubmarino.es\/en\/producto\/cena-con-bodega-14-05\/","title":{"rendered":"Cena con Bodega 14\/05"},"content":{"rendered":"<p style=\"text-align: center;\">Este pr\u00f3ximo Mi\u00e9rcoles 14 de mayo a las 21:00h descubre una experiencia gastron\u00f3mica formada por un men\u00fa degustaci\u00f3n del chef Roberto Le\u00f3n y adaptado a los vinos de la bodega invitada Bodegas Pepe Mendoza.<\/p>\n<p style=\"text-align: center;\">\u00a1No te lo pierdas!<\/p>\n<p style=\"text-align: center;\">Conoce nuestro men\u00fa:<\/p>\n<p class=\"\" style=\"text-align: center;\">Mejill\u00f3n de de roca, espuma de bearnesa e hinojo de mar.<br \/>\n<strong>Vino:<\/strong> Casa Agricola Blanco<\/p>\n<p class=\"\" style=\"text-align: center;\">Salmonete, manitas crujientes y camomila.<br \/>\n<strong>Vino:<\/strong> Pureza<\/p>\n<p class=\"\" style=\"text-align: center;\">Perdiz braseada, remolacha y enebro.<br \/>\n<strong>Vino:<\/strong> Gir\u00f3\u00a0 de Abargues<\/p>\n<p class=\"\" style=\"text-align: center;\">\u201cRagout\u201d de pato confitado, zanahoria glaseada y reducci\u00f3n de su jugo.<br \/>\n<strong>Vino:<\/strong> Pepe Mendoza Casa Agricola Tinto<\/p>\n<p class=\"\" style=\"text-align: center;\">Black Angus, vino tinto y chalota confitadas.<br \/>\n<strong>Vino:<\/strong> El Veneno<\/p>\n<p class=\"\" style=\"text-align: center;\">Garnache de chocolate 62%, especias y ciruela.<br \/>\n<strong>Vino:<\/strong> Paciencia Infinita<\/p>\n<p>&nbsp;<\/p>\n","protected":false},"excerpt":{"rendered":"<p>Cena con bodega bajo el mar: una experiencia gastron\u00f3mica y enol\u00f3gica en un entorno submarino \u00fanico<\/p>\n","protected":false},"featured_media":1180,"comment_status":"closed","ping_status":"closed","template":"","meta":{"_acf_changed":false},"product_cat":[28],"product_tag":[],"class_list":{"0":"post-2846","1":"product","2":"type-product","3":"status-publish","4":"has-post-thumbnail","6":"product_cat-experiencias","8":"first","9":"instock","10":"shipping-taxable","11":"product-type-external"},"acf":[],"_links":{"self":[{"href":"https:\/\/restaurantesubmarino.es\/en\/wp-json\/wp\/v2\/product\/2846","targetHints":{"allow":["GET"]}}],"collection":[{"href":"https:\/\/restaurantesubmarino.es\/en\/wp-json\/wp\/v2\/product"}],"about":[{"href":"https:\/\/restaurantesubmarino.es\/en\/wp-json\/wp\/v2\/types\/product"}],"replies":[{"embeddable":true,"href":"https:\/\/restaurantesubmarino.es\/en\/wp-json\/wp\/v2\/comments?post=2846"}],"wp:featuredmedia":[{"embeddable":true,"href":"https:\/\/restaurantesubmarino.es\/en\/wp-json\/wp\/v2\/media\/1180"}],"wp:attachment":[{"href":"https:\/\/restaurantesubmarino.es\/en\/wp-json\/wp\/v2\/media?parent=2846"}],"wp:term":[{"taxonomy":"product_cat","embeddable":true,"href":"https:\/\/restaurantesubmarino.es\/en\/wp-json\/wp\/v2\/product_cat?post=2846"},{"taxonomy":"product_tag","embeddable":true,"href":"https:\/\/restaurantesubmarino.es\/en\/wp-json\/wp\/v2\/product_tag?post=2846"}],"curies":[{"name":"wp","href":"https:\/\/api.w.org\/{rel}","templated":true}]}}